{"id":4760,"date":"2025-02-26T09:18:25","date_gmt":"2025-02-26T08:18:25","guid":{"rendered":"https:\/\/alanphilipmuller.com\/fotografie\/panoramic-photography\/"},"modified":"2025-08-20T11:02:30","modified_gmt":"2025-08-20T09:02:30","slug":"panoramafotografie","status":"publish","type":"page","link":"https:\/\/alanphilipmuller.com\/de\/fotografie\/panoramafotografie\/","title":{"rendered":"Panorama"},"content":{"rendered":"\t\t<div data-elementor-type=\"wp-page\" data-elementor-id=\"4760\" class=\"elementor elementor-4760 elementor-1125\" data-elementor-post-type=\"page\">\n\t\t\t\t<div class=\"aux-parallax-section elementor-element elementor-element-140a28b e-con-full e-flex e-con e-parent\" data-id=\"140a28b\" data-element_type=\"container\" data-e-type=\"container\" data-settings=\"{&quot;background_background&quot;:&quot;classic&quot;}\">\n\t\t\t\t<div class=\"elementor-element elementor-element-c8317e7 aux-appear-watch-animation aux-fade-in-left-1 elementor-widget__width-auto elementor-widget-mobile__width-auto elementor-widget elementor-widget-aux_modern_heading\" data-id=\"c8317e7\" data-element_type=\"widget\" data-e-type=\"widget\" data-widget_type=\"aux_modern_heading.default\">\n\t\t\t\t<div class=\"elementor-widget-container\">\n\t\t\t\t\t<section class=\"aux-widget-modern-heading\">\n            <div class=\"aux-widget-inner\"><h2 class=\"aux-modern-heading-primary\">Panorama\n<\/h2><\/div>\n        <\/section>\t\t\t\t<\/div>\n\t\t\t\t<\/div>\n\t\t\t\t<\/div>\n\t\t<div class=\"aux-parallax-section elementor-element elementor-element-7403cc2 e-con-full e-flex e-con e-parent\" data-id=\"7403cc2\" data-element_type=\"container\" data-e-type=\"container\" data-settings=\"{&quot;background_background&quot;:&quot;classic&quot;}\">\n\t\t<div class=\"elementor-element elementor-element-ca9481d e-con-full e-flex e-con e-child\" data-id=\"ca9481d\" data-element_type=\"container\" data-e-type=\"container\">\n\t\t\t\t<div class=\"elementor-element elementor-element-bf32d02 elementor-widget__width-auto elementor-widget elementor-widget-aux_modern_heading\" data-id=\"bf32d02\" data-element_type=\"widget\" data-e-type=\"widget\" data-widget_type=\"aux_modern_heading.default\">\n\t\t\t\t<div class=\"elementor-widget-container\">\n\t\t\t\t\t<section class=\"aux-widget-modern-heading\">\n            <div class=\"aux-widget-inner\"><h2 class=\"aux-modern-heading-primary\">Panoramafotografie: Meine 5 wichtigen Schritte vor der Aufnahme<\/h2><\/div>\n        <\/section>\t\t\t\t<\/div>\n\t\t\t\t<\/div>\n\t\t\t\t<div class=\"elementor-element elementor-element-2b2fecb elementor-widget__width-inherit elementor-widget elementor-widget-text-editor\" data-id=\"2b2fecb\" data-element_type=\"widget\" data-e-type=\"widget\" data-widget_type=\"text-editor.default\">\n\t\t\t\t<div class=\"elementor-widget-container\">\n\t\t\t\t\t\t\t\t\t<p data-start=\"202\" data-end=\"605\">Panoramafotografie bietet eine andere Art von Freiheit. Sie l\u00e4dt das Auge ein, langsamer zu werden, dem Bildausschnitt zu folgen und eine breitere Ansicht aufzunehmen. Mehr als eine Technik ist sie eine Denkweise. Es ist die Entscheidung, einer Landschaft Raum zu geben, die ihn verlangt, oder dem nat\u00fcrlichen Rhythmus einer K\u00fcstenlinie, einer Bergkette oder eines sich ver\u00e4ndernden Himmels zu folgen.<\/p><p data-start=\"607\" data-end=\"1200\">Diese Galerie vereint eine Reihe von Arbeiten, bei denen die Panoramafotografie kein stilistisches Mittel war, sondern eine Notwendigkeit. Jedes Bild wurde mit der Absicht komponiert, das widerzuspiegeln, was meine Augen in diesem Moment tats\u00e4chlich gesehen haben. Nicht mehr und nicht weniger. Diese Fotografien sind nicht auf Spektakel ausgerichtet. Sie besch\u00e4ftigen sich mit der Wahrheit in Ma\u00dfstab, in Distanz, in Atmosph\u00e4re. Manche Landschaften schienen nicht einrahmbar, bis ich das Format erweiterte. Andere enth\u00fcllten sich allm\u00e4hlich, als ich Position, H\u00f6he und Ausrichtung anpasste.<\/p><p data-start=\"1202\" data-end=\"1601\">Bevor ich ein Panoramafoto komponiere, gibt es f\u00fcnf Schritte, die instinktiv ablaufen: Ich schaue, ich scanne, ich bewege mich, ich kartiere und ich rahme. Diese f\u00fcnf Handlungen bilden eine mentale Abfolge, die mir hilft zu entscheiden, ob der Blick das Panoramaformat verdient. Es sind keine Regeln. Es sind Gewohnheiten, die sich im Laufe der Zeit durch Beobachtung und Erfahrung gebildet haben.<\/p><p data-start=\"1603\" data-end=\"2216\">Die hier gezeigten Szenen stammen aus sehr unterschiedlichen Orten: vulkanischen Inseln, karibischen Klippen, W\u00fcstenplateaus und mediterranen H\u00e4fen. Ihre Geografie ist vielf\u00e4ltig, aber alle teilen ein Gef\u00fchl von Ausdehnung. Ein Bed\u00fcrfnis nach Raum. In jeder von ihnen half mir das Panoramaformat, nicht nur die Weite der Ansicht auszudr\u00fccken, sondern auch die Art und Weise, wie sie sich in Echtzeit entfaltete. Das menschliche Auge sieht nicht in Rahmen. Es scannt. Es bewegt sich. Es kartiert. Deshalb kann sich Panoramafotografie nat\u00fcrlicher und eindringlicher anf\u00fchlen, wenn sie mit Absicht eingesetzt wird.<\/p><p data-start=\"2218\" data-end=\"2730\">F\u00fcr mich geht es bei der Arbeit in diesem Format nicht darum, eine Szene zu \u00fcbertreiben oder sie in etwas anderes zu verwandeln. Es geht darum, sie so treu wie m\u00f6glich zu bewahren, wie sie mir erschienen ist. Ich versuche, in der Nachbearbeitung so wenig wie m\u00f6glich einzugreifen. Ich passe nur das an, was n\u00f6tig ist, um das Gef\u00fchl des Lichts, der Tiefe und der T\u00f6ne, an die ich mich erinnere, wiederherzustellen. Die Bearbeitung existiert nur, um diesen Moment zu bewahren, nicht um ihn neu zu interpretieren.<\/p><p data-start=\"2732\" data-end=\"3087\">In der Panoramafotografie liegt ein bestimmtes Gleichgewicht, das sich aus der Komposition selbst ergibt. Horizontaler Fluss, visuelles Gewicht und die Art, wie das Auge durch das Bild wandert, sind wichtiger als dramatisches Licht oder starker Kontrast. Es ist ein Format, das Geduld, Pr\u00e4zision und einen durchdachten Ansatz f\u00fcr Entscheidungen belohnt.<\/p><p data-start=\"3089\" data-end=\"3550\">Oft denke ich an Panoramafotografie als eine Form des Zuh\u00f6rens. Nicht von Klang, sondern von Struktur. Von der Art, wie sich das Land in horizontale Schichten gliedert. In vielen dieser Bilder arbeitete ich mit nat\u00fcrlichen Teilungen: Wasser und Himmel, Land und Vegetation, Fels und Meer. Diese treten oft in Paaren auf, manchmal auch in Trios: Vordergrund, Mittelgrund, Hintergrund. Diese Schichtung ist nicht nur visuell. Sie ist r\u00e4umlich und oft emotional.<\/p><p data-start=\"3552\" data-end=\"3895\">Was Sie in dieser Galerie sehen, ist keine Sammlung weiter Aufnahmen. Es ist eine Reihe von Beobachtungen, die sich darauf konzentrieren, wie Orte atmen, wenn man ihnen Raum gibt. Manche Ansichten erfordern einen weiteren Rahmen, um sichtbar zu werden. Und manchmal ist es genau dieser zus\u00e4tzliche Raum, der es ihnen erm\u00f6glicht, zu sprechen.<\/p>\t\t\t\t\t\t\t\t<\/div>\n\t\t\t\t<\/div>\n\t\t\t\t<\/div>\n\t\t\t\t<div class=\"elementor-element elementor-element-a1d7a0c elementor-widget__width-inherit aux-appear-watch-animation aux-fade-in-right-1 elementor-widget elementor-widget-gallery\" data-id=\"a1d7a0c\" data-element_type=\"widget\" data-e-type=\"widget\" data-settings=\"{&quot;columns&quot;:6,&quot;image_hover_animation&quot;:&quot;grow&quot;,&quot;gap&quot;:{&quot;unit&quot;:&quot;px&quot;,&quot;size&quot;:20,&quot;sizes&quot;:[]},&quot;lazyload&quot;:&quot;yes&quot;,&quot;gallery_layout&quot;:&quot;grid&quot;,&quot;columns_tablet&quot;:2,&quot;columns_mobile&quot;:1,&quot;gap_tablet&quot;:{&quot;unit&quot;:&quot;px&quot;,&quot;size&quot;:10,&quot;sizes&quot;:[]},&quot;gap_mobile&quot;:{&quot;unit&quot;:&quot;px&quot;,&quot;size&quot;:10,&quot;sizes&quot;:[]},&quot;link_to&quot;:&quot;file&quot;,&quot;aspect_ratio&quot;:&quot;3:2&quot;,&quot;overlay_background&quot;:&quot;yes&quot;,&quot;content_hover_animation&quot;:&quot;fade-in&quot;}\" data-widget_type=\"gallery.default\">\n\t\t\t\t<div class=\"elementor-widget-container\">\n\t\t\t\t\t\t\t<div class=\"elementor-gallery__container\">\n\t\t\t\t\t\t\t<a class=\"e-gallery-item elementor-gallery-item elementor-animated-content\" href=\"https:\/\/alanphilipmuller.com\/wp-content\/uploads\/2025\/02\/Panorama-Fuerteventura-15-scaled.webp\" data-elementor-open-lightbox=\"yes\" data-elementor-lightbox-slideshow=\"a1d7a0c\" data-e-action-hash=\"#elementor-action%3Aaction%3Dlightbox%26settings%3DeyJpZCI6MTE1NiwidXJsIjoiaHR0cHM6XC9cL2FsYW5waGlsaXBtdWxsZXIuY29tXC93cC1jb250ZW50XC91cGxvYWRzXC8yMDI1XC8wMlwvUGFub3JhbWEtRnVlcnRldmVudHVyYS0xNS1zY2FsZWQud2VicCIsInNsaWRlc2hvdyI6ImExZDdhMGMifQ%3D%3D\">\n\t\t\t\t\t<div class=\"e-gallery-image elementor-gallery-item__image\" data-thumbnail=\"https:\/\/alanphilipmuller.com\/wp-content\/uploads\/2025\/02\/Panorama-Fuerteventura-15-2048x501.webp\" data-width=\"1920\" data-height=\"470\" aria-label=\"Alan Philip Muller&#039;s Panoramic Photography of a view in Fuerteventura Island\" role=\"img\" ><\/div>\n\t\t\t\t\t\t\t\t\t\t\t<div class=\"elementor-gallery-item__overlay\"><\/div>\n\t\t\t\t\t\t\t\t\t\t\t\t\t\t<\/a>\n\t\t\t\t\t\t\t<a class=\"e-gallery-item elementor-gallery-item elementor-animated-content\" href=\"https:\/\/alanphilipmuller.com\/wp-content\/uploads\/2025\/02\/Panorama-Split-scaled.webp\" data-elementor-open-lightbox=\"yes\" data-elementor-lightbox-slideshow=\"a1d7a0c\" data-e-action-hash=\"#elementor-action%3Aaction%3Dlightbox%26settings%3DeyJpZCI6MTE2MiwidXJsIjoiaHR0cHM6XC9cL2FsYW5waGlsaXBtdWxsZXIuY29tXC93cC1jb250ZW50XC91cGxvYWRzXC8yMDI1XC8wMlwvUGFub3JhbWEtU3BsaXQtc2NhbGVkLndlYnAiLCJzbGlkZXNob3ciOiJhMWQ3YTBjIn0%3D\">\n\t\t\t\t\t<div class=\"e-gallery-image elementor-gallery-item__image\" data-thumbnail=\"https:\/\/alanphilipmuller.com\/wp-content\/uploads\/2025\/02\/Panorama-Split-2048x715.webp\" data-width=\"1920\" data-height=\"670\" aria-label=\"Panoramic shot of Split, Croazia\" role=\"img\" ><\/div>\n\t\t\t\t\t\t\t\t\t\t\t<div class=\"elementor-gallery-item__overlay\"><\/div>\n\t\t\t\t\t\t\t\t\t\t\t\t\t\t<\/a>\n\t\t\t\t\t\t\t<a class=\"e-gallery-item elementor-gallery-item elementor-animated-content\" href=\"https:\/\/alanphilipmuller.com\/wp-content\/uploads\/2025\/07\/The-Distance-Between-Us-scaled.webp\" data-elementor-open-lightbox=\"yes\" data-elementor-lightbox-slideshow=\"a1d7a0c\" data-e-action-hash=\"#elementor-action%3Aaction%3Dlightbox%26settings%3DeyJpZCI6Mzg3MiwidXJsIjoiaHR0cHM6XC9cL2FsYW5waGlsaXBtdWxsZXIuY29tXC93cC1jb250ZW50XC91cGxvYWRzXC8yMDI1XC8wN1wvVGhlLURpc3RhbmNlLUJldHdlZW4tVXMtc2NhbGVkLndlYnAiLCJzbGlkZXNob3ciOiJhMWQ3YTBjIn0%3D\">\n\t\t\t\t\t<div class=\"e-gallery-image elementor-gallery-item__image\" data-thumbnail=\"https:\/\/alanphilipmuller.com\/wp-content\/uploads\/2025\/07\/The-Distance-Between-Us-2048x668.webp\" data-width=\"1920\" data-height=\"626\" aria-label=\"Panoramic photography captured from the summit of Mount Rigi in Switzerland showing a vast landscape of lakes villages and distant mountain ranges under a soft sky conveying a sense of depth solitude and emotional distance\" role=\"img\" ><\/div>\n\t\t\t\t\t\t\t\t\t\t\t<div class=\"elementor-gallery-item__overlay\"><\/div>\n\t\t\t\t\t\t\t\t\t\t\t\t\t\t<\/a>\n\t\t\t\t\t\t\t<a class=\"e-gallery-item elementor-gallery-item elementor-animated-content\" href=\"https:\/\/alanphilipmuller.com\/wp-content\/uploads\/2025\/02\/Panorama-Lanzarote-Volcanos-spine-from-the-LZ-56-scaled.webp\" data-elementor-open-lightbox=\"yes\" data-elementor-lightbox-slideshow=\"a1d7a0c\" data-e-action-hash=\"#elementor-action%3Aaction%3Dlightbox%26settings%3DeyJpZCI6MTE1OSwidXJsIjoiaHR0cHM6XC9cL2FsYW5waGlsaXBtdWxsZXIuY29tXC93cC1jb250ZW50XC91cGxvYWRzXC8yMDI1XC8wMlwvUGFub3JhbWEtTGFuemFyb3RlLVZvbGNhbm9zLXNwaW5lLWZyb20tdGhlLUxaLTU2LXNjYWxlZC53ZWJwIiwic2xpZGVzaG93IjoiYTFkN2EwYyJ9\">\n\t\t\t\t\t<div class=\"e-gallery-image elementor-gallery-item__image\" data-thumbnail=\"https:\/\/alanphilipmuller.com\/wp-content\/uploads\/2025\/02\/Panorama-Lanzarote-Volcanos-spine-from-the-LZ-56-2048x425.webp\" data-width=\"1920\" data-height=\"398\" aria-label=\"Panoramic shot of the volcano spine in Lanzarote Island\" role=\"img\" ><\/div>\n\t\t\t\t\t\t\t\t\t\t\t<div class=\"elementor-gallery-item__overlay\"><\/div>\n\t\t\t\t\t\t\t\t\t\t\t\t\t\t<\/a>\n\t\t\t\t\t\t\t<a class=\"e-gallery-item elementor-gallery-item elementor-animated-content\" href=\"https:\/\/alanphilipmuller.com\/wp-content\/uploads\/2025\/02\/Panorama-Lanzarote-Lanzarote-Los-Hervideros-001-scaled.webp\" data-elementor-open-lightbox=\"yes\" data-elementor-lightbox-slideshow=\"a1d7a0c\" data-e-action-hash=\"#elementor-action%3Aaction%3Dlightbox%26settings%3DeyJpZCI6MTE1NywidXJsIjoiaHR0cHM6XC9cL2FsYW5waGlsaXBtdWxsZXIuY29tXC93cC1jb250ZW50XC91cGxvYWRzXC8yMDI1XC8wMlwvUGFub3JhbWEtTGFuemFyb3RlLUxhbnphcm90ZS1Mb3MtSGVydmlkZXJvcy0wMDEtc2NhbGVkLndlYnAiLCJzbGlkZXNob3ciOiJhMWQ3YTBjIn0%3D\">\n\t\t\t\t\t<div class=\"e-gallery-image elementor-gallery-item__image\" data-thumbnail=\"https:\/\/alanphilipmuller.com\/wp-content\/uploads\/2025\/02\/Panorama-Lanzarote-Lanzarote-Los-Hervideros-001-2048x959.webp\" data-width=\"1920\" data-height=\"899\" aria-label=\"Panoramic shot of the Los Hervideros in Lanzarote Island\" role=\"img\" ><\/div>\n\t\t\t\t\t\t\t\t\t\t\t<div class=\"elementor-gallery-item__overlay\"><\/div>\n\t\t\t\t\t\t\t\t\t\t\t\t\t\t<\/a>\n\t\t\t\t\t\t\t<a class=\"e-gallery-item elementor-gallery-item elementor-animated-content\" href=\"https:\/\/alanphilipmuller.com\/wp-content\/uploads\/2025\/02\/Panorama-Corralejo-1-scaled.webp\" data-elementor-open-lightbox=\"yes\" data-elementor-lightbox-slideshow=\"a1d7a0c\" data-e-action-hash=\"#elementor-action%3Aaction%3Dlightbox%26settings%3DeyJpZCI6MTE1NSwidXJsIjoiaHR0cHM6XC9cL2FsYW5waGlsaXBtdWxsZXIuY29tXC93cC1jb250ZW50XC91cGxvYWRzXC8yMDI1XC8wMlwvUGFub3JhbWEtQ29ycmFsZWpvLTEtc2NhbGVkLndlYnAiLCJzbGlkZXNob3ciOiJhMWQ3YTBjIn0%3D\">\n\t\t\t\t\t<div class=\"e-gallery-image elementor-gallery-item__image\" data-thumbnail=\"https:\/\/alanphilipmuller.com\/wp-content\/uploads\/2025\/02\/Panorama-Corralejo-1-2048x330.webp\" data-width=\"1920\" data-height=\"309\" aria-label=\"Panoramic shot of a part of the Coralejo desert in Fuerteventura Island\" role=\"img\" ><\/div>\n\t\t\t\t\t\t\t\t\t\t\t<div class=\"elementor-gallery-item__overlay\"><\/div>\n\t\t\t\t\t\t\t\t\t\t\t\t\t\t<\/a>\n\t\t\t\t\t\t\t<a class=\"e-gallery-item elementor-gallery-item elementor-animated-content\" href=\"https:\/\/alanphilipmuller.com\/wp-content\/uploads\/2025\/02\/Panorama-Pointe-de-la-Grand-Vigie-and-Porte-dEnfer-scaled.webp\" data-elementor-open-lightbox=\"yes\" data-elementor-lightbox-slideshow=\"a1d7a0c\" data-e-action-hash=\"#elementor-action%3Aaction%3Dlightbox%26settings%3DeyJpZCI6MTE2MSwidXJsIjoiaHR0cHM6XC9cL2FsYW5waGlsaXBtdWxsZXIuY29tXC93cC1jb250ZW50XC91cGxvYWRzXC8yMDI1XC8wMlwvUGFub3JhbWEtUG9pbnRlLWRlLWxhLUdyYW5kLVZpZ2llLWFuZC1Qb3J0ZS1kRW5mZXItc2NhbGVkLndlYnAiLCJzbGlkZXNob3ciOiJhMWQ3YTBjIn0%3D\">\n\t\t\t\t\t<div class=\"e-gallery-image elementor-gallery-item__image\" data-thumbnail=\"https:\/\/alanphilipmuller.com\/wp-content\/uploads\/2025\/02\/Panorama-Pointe-de-la-Grand-Vigie-and-Porte-dEnfer-2048x517.webp\" data-width=\"1920\" data-height=\"485\" aria-label=\"Panoramic shot of Pointe de la Grand Vigie and Porte d&#039;Enfer in Guadaloupe Island\" role=\"img\" ><\/div>\n\t\t\t\t\t\t\t\t\t\t\t<div class=\"elementor-gallery-item__overlay\"><\/div>\n\t\t\t\t\t\t\t\t\t\t\t\t\t\t<\/a>\n\t\t\t\t\t\t\t<a class=\"e-gallery-item elementor-gallery-item elementor-animated-content\" href=\"https:\/\/alanphilipmuller.com\/wp-content\/uploads\/2025\/02\/Panorama-Brac-Golden-Horn-Beach-1-1-scaled.webp\" data-elementor-open-lightbox=\"yes\" data-elementor-lightbox-slideshow=\"a1d7a0c\" data-e-action-hash=\"#elementor-action%3Aaction%3Dlightbox%26settings%3DeyJpZCI6MTE1MywidXJsIjoiaHR0cHM6XC9cL2FsYW5waGlsaXBtdWxsZXIuY29tXC93cC1jb250ZW50XC91cGxvYWRzXC8yMDI1XC8wMlwvUGFub3JhbWEtQnJhYy1Hb2xkZW4tSG9ybi1CZWFjaC0xLTEtc2NhbGVkLndlYnAiLCJzbGlkZXNob3ciOiJhMWQ3YTBjIn0%3D\">\n\t\t\t\t\t<div class=\"e-gallery-image elementor-gallery-item__image\" data-thumbnail=\"https:\/\/alanphilipmuller.com\/wp-content\/uploads\/2025\/02\/Panorama-Brac-Golden-Horn-Beach-1-1-2048x579.webp\" data-width=\"1920\" data-height=\"543\" aria-label=\"Panoramic shot of the Golden Horn Beach from the top of the Bra\u010d Island in Croatia\" role=\"img\" ><\/div>\n\t\t\t\t\t\t\t\t\t\t\t<div class=\"elementor-gallery-item__overlay\"><\/div>\n\t\t\t\t\t\t\t\t\t\t\t\t\t\t<\/a>\n\t\t\t\t\t\t\t<a class=\"e-gallery-item elementor-gallery-item elementor-animated-content\" href=\"https:\/\/alanphilipmuller.com\/wp-content\/uploads\/2025\/02\/Panorama-Lanzarote-Playa-del-los-Ciclos-001-scaled.webp\" data-elementor-open-lightbox=\"yes\" data-elementor-lightbox-slideshow=\"a1d7a0c\" data-e-action-hash=\"#elementor-action%3Aaction%3Dlightbox%26settings%3DeyJpZCI6MTE1OCwidXJsIjoiaHR0cHM6XC9cL2FsYW5waGlsaXBtdWxsZXIuY29tXC93cC1jb250ZW50XC91cGxvYWRzXC8yMDI1XC8wMlwvUGFub3JhbWEtTGFuemFyb3RlLVBsYXlhLWRlbC1sb3MtQ2ljbG9zLTAwMS1zY2FsZWQud2VicCIsInNsaWRlc2hvdyI6ImExZDdhMGMifQ%3D%3D\">\n\t\t\t\t\t<div class=\"e-gallery-image elementor-gallery-item__image\" data-thumbnail=\"https:\/\/alanphilipmuller.com\/wp-content\/uploads\/2025\/02\/Panorama-Lanzarote-Playa-del-los-Ciclos-001-2048x656.webp\" data-width=\"1920\" data-height=\"615\" aria-label=\"Panoramic shot of the Playa de los Ciclos in Lanzarote Island\" role=\"img\" ><\/div>\n\t\t\t\t\t\t\t\t\t\t\t<div class=\"elementor-gallery-item__overlay\"><\/div>\n\t\t\t\t\t\t\t\t\t\t\t\t\t\t<\/a>\n\t\t\t\t\t<\/div>\n\t\t\t\t\t<\/div>\n\t\t\t\t<\/div>\n\t\t\t\t<\/div>\n\t\t<div class=\"aux-parallax-section elementor-element elementor-element-67f01db e-con-full e-flex e-con e-parent\" data-id=\"67f01db\" data-element_type=\"container\" data-e-type=\"container\" data-settings=\"{&quot;background_background&quot;:&quot;classic&quot;}\">\n\t\t<div class=\"elementor-element elementor-element-f903d67 e-con-full e-flex e-con e-child\" data-id=\"f903d67\" data-element_type=\"container\" data-e-type=\"container\">\n\t\t\t\t<div class=\"elementor-element elementor-element-363b163 elementor-shape-circle elementor-grid-3 aux-appear-watch-animation aux-rotate-in-down-left-1 elementor-widget__width-auto e-grid-align-center elementor-widget elementor-widget-social-icons\" data-id=\"363b163\" data-element_type=\"widget\" data-e-type=\"widget\" data-widget_type=\"social-icons.default\">\n\t\t\t\t<div class=\"elementor-widget-container\">\n\t\t\t\t\t\t\t<div class=\"elementor-social-icons-wrapper elementor-grid\" role=\"list\">\n\t\t\t\t\t\t\t<span class=\"elementor-grid-item\" role=\"listitem\">\n\t\t\t\t\t<a class=\"elementor-icon elementor-social-icon elementor-social-icon-instagram elementor-animation-buzz elementor-repeater-item-795a584\" href=\"https:\/\/www.instagram.com\/alanphilipmuller\/\" target=\"_blank\" rel=\"noopener\">\n\t\t\t\t\t\t<span class=\"elementor-screen-only\">Instagram<\/span>\n\t\t\t\t\t\t<i aria-hidden=\"true\" class=\"fab fa-instagram\"><\/i>\t\t\t\t\t<\/a>\n\t\t\t\t<\/span>\n\t\t\t\t\t\t\t<span class=\"elementor-grid-item\" role=\"listitem\">\n\t\t\t\t\t<a class=\"elementor-icon elementor-social-icon elementor-social-icon-threads elementor-animation-buzz elementor-repeater-item-ec409c9\" href=\"https:\/\/www.threads.net\/@alanphilipmuller\" target=\"_blank\" rel=\"noopener\">\n\t\t\t\t\t\t<span class=\"elementor-screen-only\">Threads<\/span>\n\t\t\t\t\t\t<i aria-hidden=\"true\" class=\"fab fa-threads\"><\/i>\t\t\t\t\t<\/a>\n\t\t\t\t<\/span>\n\t\t\t\t\t\t\t<span class=\"elementor-grid-item\" role=\"listitem\">\n\t\t\t\t\t<a class=\"elementor-icon elementor-social-icon elementor-social-icon-facebook elementor-animation-buzz elementor-repeater-item-df5d90f\" href=\"https:\/\/www.facebook.com\/profile.php?id=100035615396639\" target=\"_blank\" rel=\"noopener\">\n\t\t\t\t\t\t<span class=\"elementor-screen-only\">Facebook<\/span>\n\t\t\t\t\t\t<i aria-hidden=\"true\" class=\"fab fa-facebook\"><\/i>\t\t\t\t\t<\/a>\n\t\t\t\t<\/span>\n\t\t\t\t\t\t\t<span class=\"elementor-grid-item\" role=\"listitem\">\n\t\t\t\t\t<a class=\"elementor-icon elementor-social-icon elementor-social-icon-youtube elementor-animation-buzz elementor-repeater-item-89d9448\" href=\"https:\/\/www.youtube.com\/@APMuller\" target=\"_blank\" rel=\"noopener\">\n\t\t\t\t\t\t<span class=\"elementor-screen-only\">Youtube<\/span>\n\t\t\t\t\t\t<i aria-hidden=\"true\" class=\"fab fa-youtube\"><\/i>\t\t\t\t\t<\/a>\n\t\t\t\t<\/span>\n\t\t\t\t\t\t\t<span class=\"elementor-grid-item\" role=\"listitem\">\n\t\t\t\t\t<a class=\"elementor-icon elementor-social-icon elementor-social-icon-soundcloud elementor-animation-buzz elementor-repeater-item-88cde3e\" href=\"https:\/\/soundcloud.com\/alanphilipmueller\" target=\"_blank\" rel=\"noopener\">\n\t\t\t\t\t\t<span class=\"elementor-screen-only\">Soundcloud<\/span>\n\t\t\t\t\t\t<i aria-hidden=\"true\" class=\"fab fa-soundcloud\"><\/i>\t\t\t\t\t<\/a>\n\t\t\t\t<\/span>\n\t\t\t\t\t\t\t<span class=\"elementor-grid-item\" role=\"listitem\">\n\t\t\t\t\t<a class=\"elementor-icon elementor-social-icon elementor-social-icon-flickr elementor-animation-buzz elementor-repeater-item-c9c1042\" href=\"https:\/\/flickr.com\/photos\/alanpm\/\" target=\"_blank\" rel=\"noopener\">\n\t\t\t\t\t\t<span class=\"elementor-screen-only\">Flickr<\/span>\n\t\t\t\t\t\t<i aria-hidden=\"true\" class=\"fab fa-flickr\"><\/i>\t\t\t\t\t<\/a>\n\t\t\t\t<\/span>\n\t\t\t\t\t<\/div>\n\t\t\t\t\t\t<\/div>\n\t\t\t\t<\/div>\n\t\t\t\t<\/div>\n\t\t<div class=\"elementor-element elementor-element-a875052 aux-appear-watch-animation aux-zoom-in e-con-full e-flex e-con e-child\" data-id=\"a875052\" data-element_type=\"container\" data-e-type=\"container\">\n\t\t\t\t<div class=\"elementor-element elementor-element-212c8a9 aux-appear-watch-animation aux-fade-in-right-1 elementor-widget__width-inherit elementor-widget-mobile__width-inherit elementor-widget elementor-widget-aux_modern_heading\" data-id=\"212c8a9\" data-element_type=\"widget\" data-e-type=\"widget\" data-widget_type=\"aux_modern_heading.default\">\n\t\t\t\t<div class=\"elementor-widget-container\">\n\t\t\t\t\t<section class=\"aux-widget-modern-heading\">\n            <div class=\"aux-widget-inner\"><h2 class=\"aux-modern-heading-primary\">Lassen Sie uns <br>reden und erschaffen!<\/h2><\/div>\n        <\/section>\t\t\t\t<\/div>\n\t\t\t\t<\/div>\n\t\t\t\t<div class=\"elementor-element elementor-element-11ce2b3 aux-appear-watch-animation aux-rotate-in-down-right elementor-widget__width-auto elementor-widget elementor-widget-aux_modern_heading\" data-id=\"11ce2b3\" data-element_type=\"widget\" data-e-type=\"widget\" data-widget_type=\"aux_modern_heading.default\">\n\t\t\t\t<div class=\"elementor-widget-container\">\n\t\t\t\t\t<section class=\"aux-widget-modern-heading\">\n            <div class=\"aux-widget-inner\"><h2 class=\"aux-modern-heading-primary\">Lassen Sie uns <br>\u00fcber Arbeit sprechen\n\n<\/h2><div class=\"aux-modern-heading-description\"><p>Ich bin immer offen f\u00fcr Gespr\u00e4che \u00fcber <strong>Musik<\/strong>, <strong>Fotografie<\/strong>, <strong>Videografie<\/strong> und <strong>kreative Projekte<\/strong>.<\/p><p>Lassen Sie uns zusammenarbeiten oder einfach Ideen austauschen. Melden Sie sich!<\/p><\/div><\/div>\n        <\/section>\t\t\t\t<\/div>\n\t\t\t\t<\/div>\n\t\t\t\t<\/div>\n\t\t\t\t<\/div>\n\t\t\t\t<\/div>\n\t\t","protected":false},"excerpt":{"rendered":"<p>Panorama Panoramafotografie: Meine 5 wichtigen Schritte vor der Aufnahme Panoramafotografie bietet eine andere Art von Freiheit. Sie l\u00e4dt das Auge ein, langsamer zu werden, dem Bildausschnitt zu folgen und eine breitere Ansicht aufzunehmen. Mehr als eine Technik ist sie eine Denkweise. Es ist die Entscheidung, einer Landschaft Raum zu geben, die ihn verlangt, oder dem [&hellip;]<\/p>\n","protected":false},"author":1,"featured_media":4315,"parent":4062,"menu_order":0,"comment_status":"closed","ping_status":"closed","template":"elementor_header_footer","meta":{"footnotes":""},"class_list":["post-4760","page","type-page","status-publish","has-post-thumbnail","hentry"],"_links":{"self":[{"href":"https:\/\/alanphilipmuller.com\/de\/wp-json\/wp\/v2\/pages\/4760","targetHints":{"allow":["GET"]}}],"collection":[{"href":"https:\/\/alanphilipmuller.com\/de\/wp-json\/wp\/v2\/pages"}],"about":[{"href":"https:\/\/alanphilipmuller.com\/de\/wp-json\/wp\/v2\/types\/page"}],"author":[{"embeddable":true,"href":"https:\/\/alanphilipmuller.com\/de\/wp-json\/wp\/v2\/users\/1"}],"replies":[{"embeddable":true,"href":"https:\/\/alanphilipmuller.com\/de\/wp-json\/wp\/v2\/comments?post=4760"}],"version-history":[{"count":8,"href":"https:\/\/alanphilipmuller.com\/de\/wp-json\/wp\/v2\/pages\/4760\/revisions"}],"predecessor-version":[{"id":4797,"href":"https:\/\/alanphilipmuller.com\/de\/wp-json\/wp\/v2\/pages\/4760\/revisions\/4797"}],"up":[{"embeddable":true,"href":"https:\/\/alanphilipmuller.com\/de\/wp-json\/wp\/v2\/pages\/4062"}],"wp:featuredmedia":[{"embeddable":true,"href":"https:\/\/alanphilipmuller.com\/de\/wp-json\/wp\/v2\/media\/4315"}],"wp:attachment":[{"href":"https:\/\/alanphilipmuller.com\/de\/wp-json\/wp\/v2\/media?parent=4760"}],"curies":[{"name":"wp","href":"https:\/\/api.w.org\/{rel}","templated":true}]}}