{"id":7016,"date":"2021-06-11T07:33:12","date_gmt":"2021-06-11T05:33:12","guid":{"rendered":"https:\/\/alanphilipmuller.com\/contacts\/"},"modified":"2026-05-11T14:15:44","modified_gmt":"2026-05-11T12:15:44","slug":"kontakte","status":"publish","type":"page","link":"https:\/\/alanphilipmuller.com\/de\/kontakte\/","title":{"rendered":"Kontakte"},"content":{"rendered":"\t\t<div data-elementor-type=\"wp-page\" data-elementor-id=\"7016\" class=\"elementor elementor-7016 elementor-2380\" data-elementor-post-type=\"page\">\n\t\t\t\t<div class=\"elementor-element elementor-element-e8613da e-con-full e-flex e-con e-parent\" data-id=\"e8613da\" data-element_type=\"container\" data-e-type=\"container\">\n\t\t\t\t<div class=\"elementor-element elementor-element-68a9ad4 elementor-widget elementor-widget-yprm_heading\" data-id=\"68a9ad4\" data-element_type=\"widget\" data-e-type=\"widget\" data-widget_type=\"yprm_heading.default\">\n\t\t\t\t<div class=\"elementor-widget-container\">\n\t\t\t\t\t\t\t\t<div class=\"heading-block tac\">\n\t\t\t\t                  <h1 class=\"h\">Kontakte<\/h1>\n        \t\t\t<\/div>\n      \t\t\t\t\t\t<\/div>\n\t\t\t\t<\/div>\n\t\t\t\t<div class=\"elementor-element elementor-element-6f93a37 elementor-widget elementor-widget-yprm_icon_box\" data-id=\"6f93a37\" data-element_type=\"widget\" data-e-type=\"widget\" data-settings=\"{&quot;cols_xs&quot;:1,&quot;cols_md&quot;:2,&quot;cols_sm&quot;:1,&quot;cols_lg&quot;:3,&quot;cols_xl&quot;:3}\" data-widget_type=\"yprm_icon_box.default\">\n\t\t\t\t<div class=\"elementor-widget-container\">\n\t\t\t\t\t\t\t\t<div class=\"icon-box-block icon-box-style3\">\r\n\t\t\t\t<div class=\"row\">\r\n\t\t\t\t\t\t\t\t<div class=\"col-12 col-sm-12 col-md-6 col-lg-4 col-xl-4\">\r\n\t\t\t\t<div class=\"icon-box\">\r\n\t\t\t\t\t\t\t\t<div class=\"icon\">\r\n\t\t\t\t<i class=\"multimedia-icon multimedia-icon-smartphone multimedia\" aria-hidden=\"true\"><\/i>\t\t\t<\/div>\r\n\t\t                                  \t\t\t<div class=\"desc\">+41 (0)79 503 88 83<\/div>\r\n\t\t                    \t\t\t\t<\/div>\r\n\t\t\t<\/div>\r\n\t\t\t\t\t<div class=\"col-12 col-sm-12 col-md-6 col-lg-4 col-xl-4\">\r\n\t\t\t\t<div class=\"icon-box\">\r\n\t\t\t\t\t\t\t\t<div class=\"icon\">\r\n\t\t\t\t<i class=\"multimedia-icon multimedia-icon-envelope multimedia\" aria-hidden=\"true true\"><\/i>\t\t\t<\/div>\r\n\t\t                                  \t\t\t<div class=\"desc\">alan.muller@alanphilipmuller.com<\/div>\r\n\t\t                                <a href=\"mailto:alan.muller@alanphilipmuller.com\"><\/a>\r\n          \t\t\t\t<\/div>\r\n\t\t\t<\/div>\r\n\t\t\t\t\t<div class=\"col-12 col-sm-12 col-md-6 col-lg-4 col-xl-4\">\r\n\t\t\t\t<div class=\"icon-box\">\r\n\t\t\t\t\t\t\t\t<div class=\"icon\">\r\n\t\t\t\t<i class=\"fab fa-instagram fa-brands\" aria-hidden=\"true true true\"><\/i>\t\t\t<\/div>\r\n\t\t                                  \t\t\t<div class=\"desc\">Instagram<\/div>\r\n\t\t                                <a href=\"https:\/\/www.instagram.com\/alanphilipmuller\/\" target=\"_blank\" rel=\"noopener\"><\/a>\r\n          \t\t\t\t<\/div>\r\n\t\t\t<\/div>\r\n\t\t\t\t\t<div class=\"col-12 col-sm-12 col-md-6 col-lg-4 col-xl-4\">\r\n\t\t\t\t<div class=\"icon-box\">\r\n\t\t\t\t\t\t\t\t<div class=\"icon\">\r\n\t\t\t\t<i class=\"fab fa-flickr fa-brands\" aria-hidden=\"true true true true\"><\/i>\t\t\t<\/div>\r\n\t\t                                  \t\t\t<div class=\"desc\">flickr.com<\/div>\r\n\t\t                                <a href=\"https:\/\/www.flickr.com\/photos\/alanpm\/\" target=\"_blank\" rel=\"noopener\"><\/a>\r\n          \t\t\t\t<\/div>\r\n\t\t\t<\/div>\r\n\t\t\t\t\t<div class=\"col-12 col-sm-12 col-md-6 col-lg-4 col-xl-4\">\r\n\t\t\t\t<div class=\"icon-box\">\r\n\t\t\t\t\t\t\t\t<div class=\"icon\">\r\n\t\t\t\t<i class=\"fab fa-youtube-square fa-brands\" aria-hidden=\"true true true true true\"><\/i>\t\t\t<\/div>\r\n\t\t                                  \t\t\t<div class=\"desc\">YouTube<\/div>\r\n\t\t                                <a href=\"https:\/\/www.youtube.com\/@APMuller\" target=\"_blank\" rel=\"noopener\"><\/a>\r\n          \t\t\t\t<\/div>\r\n\t\t\t<\/div>\r\n\t\t\t\t\t<div class=\"col-12 col-sm-12 col-md-6 col-lg-4 col-xl-4\">\r\n\t\t\t\t<div class=\"icon-box\">\r\n\t\t\t\t\t\t\t\t<div class=\"icon\">\r\n\t\t\t\t<i class=\"fab fa-facebook fa-brands\" aria-hidden=\"true true true true true true\"><\/i>\t\t\t<\/div>\r\n\t\t                                  \t\t\t<div class=\"desc\">Facebook<\/div>\r\n\t\t                                <a href=\"https:\/\/www.facebook.com\/profile.php?id=100035615396639\" target=\"_blank\" rel=\"noopener\"><\/a>\r\n          \t\t\t\t<\/div>\r\n\t\t\t<\/div>\r\n\t\t\t\t\t\t<\/div>\r\n\t\t\t<\/div>\r\n\t\t\t\t\t\t<\/div>\n\t\t\t\t<\/div>\n\t\t\t\t<div class=\"elementor-element elementor-element-cca9258 elementor-widget elementor-widget-text-editor\" data-id=\"cca9258\" data-element_type=\"widget\" data-e-type=\"widget\" data-widget_type=\"text-editor.default\">\n\t\t\t\t<div class=\"elementor-widget-container\">\n\t\t\t\t\t\t\t\t\t<p style=\"text-align: center;\"><span style=\"font-weight: 300; font-size: 14px;\">Meine Fotos sind von Licht, Farbe, Techniken aus der Schwarzwei\u00df-Entwicklung, Vintage-Fotos, kreativer Perspektive inspiriert und vor allem von den Pers\u00f6nlichkeiten der Menschen sowie der Atmosph\u00e4re der Orte, die ich fotografiere!<\/span><\/p>\t\t\t\t\t\t\t\t<\/div>\n\t\t\t\t<\/div>\n\t\t\t\t<\/div>\n\t\t<div class=\"elementor-element elementor-element-3ed1864 e-con-full e-flex e-con e-parent\" data-id=\"3ed1864\" data-element_type=\"container\" data-e-type=\"container\">\n\t\t\t\t<div class=\"elementor-element elementor-element-41145a8 elementor-button-align-center elementor-widget elementor-widget-form\" data-id=\"41145a8\" data-element_type=\"widget\" data-e-type=\"widget\" data-settings=\"{&quot;step_next_label&quot;:&quot;Weiter&quot;,&quot;step_previous_label&quot;:&quot;Zur\\u00fcck&quot;,&quot;step_type&quot;:&quot;none&quot;,&quot;button_width&quot;:&quot;100&quot;,&quot;step_icon_shape&quot;:&quot;circle&quot;}\" data-widget_type=\"form.default\">\n\t\t\t\t<div class=\"elementor-widget-container\">\n\t\t\t\t\t\t\t<form class=\"elementor-form\" method=\"post\" id=\"Alan_contact_form\" name=\"Neues Formular\" aria-label=\"Neues Formular\">\n\t\t\t<input type=\"hidden\" name=\"post_id\" value=\"7016\"\/>\n\t\t\t<input type=\"hidden\" name=\"form_id\" value=\"41145a8\"\/>\n\t\t\t<input type=\"hidden\" name=\"referer_title\" value=\"Kontakte | Alan Philip Muller, Fotograf und Videograf\" \/>\n\n\t\t\t\t\t\t\t<input type=\"hidden\" name=\"queried_id\" value=\"7016\"\/>\n\t\t\t\n\t\t\t<div class=\"elementor-form-fields-wrapper elementor-labels-above\">\n\t\t\t\t\t\t\t\t<div class=\"elementor-field-type-text elementor-field-group elementor-column elementor-field-group-name elementor-col-100 elementor-field-required elementor-mark-required\">\n\t\t\t\t\t\t\t\t\t\t\t\t<label for=\"form-field-name\" class=\"elementor-field-label\">\n\t\t\t\t\t\t\t\tName\t\t\t\t\t\t\t<\/label>\n\t\t\t\t\t\t\t\t\t\t\t\t\t\t<input size=\"1\" type=\"text\" name=\"form_fields[name]\" id=\"form-field-name\" class=\"elementor-field elementor-size-sm  elementor-field-textual\" placeholder=\"Name\" required=\"required\">\n\t\t\t\t\t\t\t\t\t\t\t<\/div>\n\t\t\t\t\t\t\t\t<div class=\"elementor-field-type-email elementor-field-group elementor-column elementor-field-group-email elementor-col-100 elementor-field-required elementor-mark-required\">\n\t\t\t\t\t\t\t\t\t\t\t\t<label for=\"form-field-email\" class=\"elementor-field-label\">\n\t\t\t\t\t\t\t\tE-Mail\t\t\t\t\t\t\t<\/label>\n\t\t\t\t\t\t\t\t\t\t\t\t\t\t<input size=\"1\" type=\"email\" name=\"form_fields[email]\" id=\"form-field-email\" class=\"elementor-field elementor-size-sm  elementor-field-textual\" placeholder=\"E-Mail\" required=\"required\">\n\t\t\t\t\t\t\t\t\t\t\t<\/div>\n\t\t\t\t\t\t\t\t<div class=\"elementor-field-type-textarea elementor-field-group elementor-column elementor-field-group-message elementor-col-100 elementor-field-required elementor-mark-required\">\n\t\t\t\t\t\t\t\t\t\t\t\t<label for=\"form-field-message\" class=\"elementor-field-label\">\n\t\t\t\t\t\t\t\tNachricht\t\t\t\t\t\t\t<\/label>\n\t\t\t\t\t\t<textarea class=\"elementor-field-textual elementor-field  elementor-size-sm\" name=\"form_fields[message]\" id=\"form-field-message\" rows=\"4\" placeholder=\"Nachricht\" required=\"required\"><\/textarea>\t\t\t\t<\/div>\n\t\t\t\t\t\t\t\t<div class=\"elementor-field-type-acceptance elementor-field-group elementor-column elementor-field-group-field_33e7fde elementor-col-100 elementor-field-required elementor-mark-required\">\n\t\t\t\t\t\t\t\t\t\t\t\t<label for=\"form-field-field_33e7fde\" class=\"elementor-field-label\">\n\t\t\t\t\t\t\t\tDatenschutzerkl\u00e4rung\t\t\t\t\t\t\t<\/label>\n\t\t\t\t\t\t\t\t<div class=\"elementor-field-subgroup\">\n\t\t\t<span class=\"elementor-field-option\">\n\t\t\t\t<input type=\"checkbox\" name=\"form_fields[field_33e7fde]\" id=\"form-field-field_33e7fde\" class=\"elementor-field elementor-size-sm  elementor-acceptance-field\" required=\"required\">\n\t\t\t\t<label for=\"form-field-field_33e7fde\">Ich akzeptiere die <a href=\"https:\/\/alanphilipmuller.com\/policies\/\" target=\"_blank\">Datenschutzerkl\u00e4rung<\/a> und verstehe, dass meine Kontaktdaten nur f\u00fcr diese Anfrage verwendet werden.<\/label>\t\t\t<\/span>\n\t\t<\/div>\n\t\t\t\t\t\t<\/div>\n\t\t\t\t\t\t\t\t<div class=\"elementor-field-group elementor-column elementor-field-type-submit elementor-col-100 e-form__buttons\">\n\t\t\t\t\t<button class=\"elementor-button elementor-size-sm\" type=\"submit\">\n\t\t\t\t\t\t<span class=\"elementor-button-content-wrapper\">\n\t\t\t\t\t\t\t\t\t\t\t\t\t\t\t<span class=\"elementor-button-icon\">\n\t\t\t\t\t\t\t\t\t<i aria-hidden=\"true\" class=\"web-application-icon web-application-icon-paper-plane\"><\/i>\t\t\t\t\t\t\t\t\t\t\t\t\t\t\t\t\t<\/span>\n\t\t\t\t\t\t\t\t\t\t\t\t\t\t\t\t\t\t\t\t\t\t<span class=\"elementor-button-text\">SENDEN<\/span>\n\t\t\t\t\t\t\t\t\t\t\t\t\t<\/span>\n\t\t\t\t\t<\/button>\n\t\t\t\t<\/div>\n\t\t\t<\/div>\n\t\t<\/form>\n\t\t\t\t\t\t<\/div>\n\t\t\t\t<\/div>\n\t\t\t\t<\/div>\n\t\t\t\t<\/div>\n\t\t","protected":false},"excerpt":{"rendered":"<p>Kontakte +41 (0)79 503 88 83 alan.muller@alanphilipmuller.com Instagram flickr.com YouTube Facebook Meine Fotos sind von Licht, Farbe, Techniken aus der Schwarzwei\u00df-Entwicklung, Vintage-Fotos, kreativer Perspektive inspiriert und vor allem von den Pers\u00f6nlichkeiten der Menschen sowie der Atmosph\u00e4re der Orte, die ich fotografiere!<\/p>\n","protected":false},"author":1,"featured_media":4408,"parent":0,"menu_order":0,"comment_status":"closed","ping_status":"closed","template":"template-landing.php","meta":{"_acf_changed":false,"_coblocks_attr":"","_coblocks_dimensions":"","_coblocks_responsive_height":"","_coblocks_accordion_ie_support":"","footnotes":""},"class_list":["post-7016","page","type-page","status-publish","has-post-thumbnail","hentry"],"acf":[],"_links":{"self":[{"href":"https:\/\/alanphilipmuller.com\/de\/wp-json\/wp\/v2\/pages\/7016","targetHints":{"allow":["GET"]}}],"collection":[{"href":"https:\/\/alanphilipmuller.com\/de\/wp-json\/wp\/v2\/pages"}],"about":[{"href":"https:\/\/alanphilipmuller.com\/de\/wp-json\/wp\/v2\/types\/page"}],"author":[{"embeddable":true,"href":"https:\/\/alanphilipmuller.com\/de\/wp-json\/wp\/v2\/users\/1"}],"replies":[{"embeddable":true,"href":"https:\/\/alanphilipmuller.com\/de\/wp-json\/wp\/v2\/comments?post=7016"}],"version-history":[{"count":9,"href":"https:\/\/alanphilipmuller.com\/de\/wp-json\/wp\/v2\/pages\/7016\/revisions"}],"predecessor-version":[{"id":7094,"href":"https:\/\/alanphilipmuller.com\/de\/wp-json\/wp\/v2\/pages\/7016\/revisions\/7094"}],"wp:featuredmedia":[{"embeddable":true,"href":"https:\/\/alanphilipmuller.com\/de\/wp-json\/wp\/v2\/media\/4408"}],"wp:attachment":[{"href":"https:\/\/alanphilipmuller.com\/de\/wp-json\/wp\/v2\/media?parent=7016"}],"curies":[{"name":"wp","href":"https:\/\/api.w.org\/{rel}","templated":true}]}}