{"id":7024,"date":"2026-05-04T09:15:58","date_gmt":"2026-05-04T07:15:58","guid":{"rendered":"https:\/\/alanphilipmuller.com\/fotografie\/fineart\/"},"modified":"2026-05-11T20:18:40","modified_gmt":"2026-05-11T18:18:40","slug":"kunstfotografie","status":"publish","type":"page","link":"https:\/\/alanphilipmuller.com\/de\/fotografie\/kunstfotografie\/","title":{"rendered":"Fine Art"},"content":{"rendered":"\t\t<div data-elementor-type=\"wp-page\" data-elementor-id=\"7024\" class=\"elementor elementor-7024 elementor-6567\" data-elementor-post-type=\"page\">\n\t\t\t\t<div class=\"elementor-element elementor-element-8241011 e-con-full e-flex e-con e-parent\" data-id=\"8241011\" data-element_type=\"container\" data-e-type=\"container\" data-settings=\"{&quot;background_background&quot;:&quot;classic&quot;}\">\n\t\t<div class=\"elementor-element elementor-element-68a53eb e-con-full e-flex e-con e-child\" data-id=\"68a53eb\" data-element_type=\"container\" data-e-type=\"container\">\n\t\t\t\t<div class=\"elementor-element elementor-element-5d7bc78 elementor-widget elementor-widget-yprm_heading\" data-id=\"5d7bc78\" data-element_type=\"widget\" data-e-type=\"widget\" data-widget_type=\"yprm_heading.default\">\n\t\t\t\t<div class=\"elementor-widget-container\">\n\t\t\t\t\t\t\t\t<div class=\"heading-block\">\n\t\t\t\t\t\t\t\t\t<div class=\"sub-h\">FINE ART<\/div>\n\t\t\t\t        \t\t\t<\/div>\n      \t\t\t\t\t\t<\/div>\n\t\t\t\t<\/div>\n\t\t\t\t<div class=\"elementor-element elementor-element-10830d6 elementor-widget__width-inherit elementor-widget elementor-widget-text-editor\" data-id=\"10830d6\" data-element_type=\"widget\" data-e-type=\"widget\" data-widget_type=\"text-editor.default\">\n\t\t\t\t<div class=\"elementor-widget-container\">\n\t\t\t\t\t\t\t\t\t<p class=\"my-2 [&amp;+p]:mt-4 [&amp;_strong:has(+br)]:inline-block [&amp;_strong:has(+br)]:pb-2\">Die Fine-Art-Fotografie ist der Teil meiner Arbeit, in dem ich eher Ideen als Auftr\u00e4gen folge. Ich nutze sowohl traditionelle Kameras als auch Drohnen, um zu erforschen, wie Licht und Struktur Emotionen transportieren k\u00f6nnen \u2013 in Landschaften, St\u00e4dten und intimeren Szenen.<\/p><p class=\"my-2 [&amp;+p]:mt-4 [&amp;_strong:has(+br)]:inline-block [&amp;_strong:has(+br)]:pb-2\">Einige Fotografien stehen f\u00fcr sich allein, andere entwickeln sich gelegentlich zu einer kleinen Serie. Mich interessieren weniger feste Kategorien, sondern vielmehr die Wirkung und der Aufbau eines Bildes. Eine K\u00fcstenlinie, ein architektonisches Fragment, eine Figur oder ein zusammengesetztes Bild k\u00f6nnen alle hierher geh\u00f6ren, wenn sie dieselbe Sichtweise widerspiegeln.<\/p><p class=\"my-2 [&amp;+p]:mt-4 [&amp;_strong:has(+br)]:inline-block [&amp;_strong:has(+br)]:pb-2\">Die meisten dieser Arbeiten sind als Drucke konzipiert. Ich achte darauf, wie Farbt\u00f6ne, Details und Kontraste auf Papier wirken und wie eine Auswahl von Bildern gemeinsam in einem Raum existieren kann. Die Auflagen sind limitiert, und jeder Druck wird mit der Sorgfalt eines Einzelst\u00fccks hergestellt.<\/p><p class=\"my-2 [&amp;+p]:mt-4 [&amp;_strong:has(+br)]:inline-block [&amp;_strong:has(+br)]:pb-2\">Wenn Sie auf der Suche nach Kunstwerken f\u00fcr ein privates Heim, ein B\u00fcro oder einen \u00f6ffentlichen Raum sind, pr\u00e4sentiert diese Galerie eine Auswahl meiner Fine-Art-Fotografien, die als Drucke erh\u00e4ltlich sind. F\u00fcr Informationen zu Gr\u00f6\u00dfen, Editionen oder Auftragsarbeiten k\u00f6nnen Sie sich gerne mit mir in Verbindung setzen.<\/p>\t\t\t\t\t\t\t\t<\/div>\n\t\t\t\t<\/div>\n\t\t\t\t<\/div>\n\t\t\t\t<\/div>\n\t\t<div class=\"elementor-element elementor-element-08842a4 e-flex e-con-boxed e-con e-parent\" data-id=\"08842a4\" data-element_type=\"container\" data-e-type=\"container\">\n\t\t\t\t\t<div class=\"e-con-inner\">\n\t\t\t\t<div class=\"elementor-element elementor-element-d6d7232 elementor-widget elementor-widget-yprm_heading\" data-id=\"d6d7232\" data-element_type=\"widget\" data-e-type=\"widget\" data-widget_type=\"yprm_heading.default\">\n\t\t\t\t<div class=\"elementor-widget-container\">\n\t\t\t\t\t\t\t\t<div class=\"heading-block tac\">\n\t\t\t\t                  <div class=\"h\">Fine Art Prints ZUM VERKAUF ERH\u00c4LTLICH<\/div>\n        \t\t\t<\/div>\n      \t\t\t\t\t\t<\/div>\n\t\t\t\t<\/div>\n\t\t\t\t<div class=\"elementor-element elementor-element-f3d8e21 elementor-widget elementor-widget-yprm_gallery\" data-id=\"f3d8e21\" data-element_type=\"widget\" data-e-type=\"widget\" data-settings=\"{&quot;gallery_layout&quot;:&quot;masonry&quot;,&quot;cols_xs&quot;:1,&quot;cols_sm&quot;:1,&quot;cols_md&quot;:3,&quot;cols_lg&quot;:3,&quot;cols_xl&quot;:3,&quot;content_hover_animation&quot;:&quot;type_1&quot;}\" data-widget_type=\"yprm_gallery.default\">\n\t\t\t\t<div class=\"elementor-widget-container\">\n\t\t\t\t\t        <div data-portfolio-settings=\"{&quot;gallery_layout&quot;:&quot;masonry&quot;}\" id=\"project-slider-6a032ff0acc7c\" class=\"project-grid-page elementor-block gallery-block\">\n                    <div class=\"portfolio_hover_type_1 post-gallery-grid row popup-gallery gallery-type-masonry\"><div class=\"grid-sizer col-1\"><\/div>\n                <div class=\"portfolio-item popup-item col-12 col-sm-12 col-md-4 col-lg-4 col-xl-4\">\n                    <div class=\"wrap\">\n                                                    <div class=\"a-img\" data-original=\"https:\/\/alanphilipmuller.com\/wp-content\/uploads\/2025\/02\/54044900238_052411910a_k.webp\">\n                                <img fetchpriority=\"high\" decoding=\"async\" width=\"1024\" height=\"1024\" src=\"https:\/\/alanphilipmuller.com\/wp-content\/uploads\/2025\/02\/54044900238_052411910a_k-1024x1024.webp\" class=\"attachment-large size-large\" alt=\"Black and white photo of a surfer getting out from the ocean and walking on the beach\" \/><\/div>\n                        \n                        \n                        <a href=\"#\" data-popup-json=\"{&quot;image&quot;:{&quot;url&quot;:&quot;https:\\\/\\\/alanphilipmuller.com\\\/wp-content\\\/uploads\\\/2025\\\/02\\\/54044900238_052411910a_k.webp&quot;,&quot;w&quot;:1920,&quot;h&quot;:1280},&quot;post_id&quot;:207}\"\n                            data-id=\"0\"><\/a>\n                    <\/div>\n                <\/div>\n                \n                <div class=\"portfolio-item popup-item col-12 col-sm-12 col-md-4 col-lg-4 col-xl-4\">\n                    <div class=\"wrap\">\n                                                    <div class=\"a-img\" data-original=\"https:\/\/alanphilipmuller.com\/wp-content\/uploads\/2025\/08\/Inner-peace-in-the-vastness-of-the-world-scaled.webp\">\n                                <img decoding=\"async\" width=\"1024\" height=\"1024\" src=\"https:\/\/alanphilipmuller.com\/wp-content\/uploads\/2025\/08\/Inner-peace-in-the-vastness-of-the-world-1024x1024.webp\" class=\"attachment-large size-large\" alt=\"\" \/><\/div>\n                        \n                        \n                        <a href=\"#\" data-popup-json=\"{&quot;image&quot;:{&quot;url&quot;:&quot;https:\\\/\\\/alanphilipmuller.com\\\/wp-content\\\/uploads\\\/2025\\\/08\\\/Inner-peace-in-the-vastness-of-the-world-scaled.webp&quot;,&quot;w&quot;:1920,&quot;h&quot;:1281},&quot;post_id&quot;:4819}\"\n                            data-id=\"1\"><\/a>\n                    <\/div>\n                <\/div>\n                \n                <div class=\"portfolio-item popup-item col-12 col-sm-12 col-md-4 col-lg-4 col-xl-4\">\n                    <div class=\"wrap\">\n                                                    <div class=\"a-img\" data-original=\"https:\/\/alanphilipmuller.com\/wp-content\/uploads\/2025\/08\/In-the-Shape-of-Protection-scaled.webp\">\n                                <img decoding=\"async\" width=\"1024\" height=\"1024\" src=\"https:\/\/alanphilipmuller.com\/wp-content\/uploads\/2025\/08\/In-the-Shape-of-Protection-1024x1024.webp\" class=\"attachment-large size-large\" alt=\"\" \/><\/div>\n                        \n                        \n                        <a href=\"#\" data-popup-json=\"{&quot;image&quot;:{&quot;url&quot;:&quot;https:\\\/\\\/alanphilipmuller.com\\\/wp-content\\\/uploads\\\/2025\\\/08\\\/In-the-Shape-of-Protection-scaled.webp&quot;,&quot;w&quot;:1280,&quot;h&quot;:1920},&quot;post_id&quot;:3904}\"\n                            data-id=\"2\"><\/a>\n                    <\/div>\n                <\/div>\n                \n                <div class=\"portfolio-item popup-item col-12 col-sm-12 col-md-4 col-lg-4 col-xl-4\">\n                    <div class=\"wrap\">\n                                                    <div class=\"a-img\" data-original=\"https:\/\/alanphilipmuller.com\/wp-content\/uploads\/2025\/08\/Cloudpath-Over-the-Waters-of-Belonging-scaled.webp\">\n                                <img loading=\"lazy\" decoding=\"async\" width=\"1024\" height=\"1024\" src=\"https:\/\/alanphilipmuller.com\/wp-content\/uploads\/2025\/08\/Cloudpath-Over-the-Waters-of-Belonging-1024x1024.webp\" class=\"attachment-large size-large\" alt=\"Aerial view of Rheinau Monastery on the Rhine River in Switzerland, surrounded by forests, fields, and water reflections. Landscape Photography. Luftaufnahme des Klosters Rheinau am Rhein in der Schweiz, umgeben von W\u00e4ldern, Feldern und Spiegelungen im Wasser. Landschaft Fotografie.\" \/><\/div>\n                        \n                        \n                        <a href=\"#\" data-popup-json=\"{&quot;image&quot;:{&quot;url&quot;:&quot;https:\\\/\\\/alanphilipmuller.com\\\/wp-content\\\/uploads\\\/2025\\\/08\\\/Cloudpath-Over-the-Waters-of-Belonging-scaled.webp&quot;,&quot;w&quot;:1920,&quot;h&quot;:1440},&quot;post_id&quot;:3899}\"\n                            data-id=\"3\"><\/a>\n                    <\/div>\n                <\/div>\n                \n                <div class=\"portfolio-item popup-item col-12 col-sm-12 col-md-4 col-lg-4 col-xl-4\">\n                    <div class=\"wrap\">\n                                                    <div class=\"a-img\" data-original=\"https:\/\/alanphilipmuller.com\/wp-content\/uploads\/2025\/04\/Ile-dOgoz-008-scaled.webp\">\n                                <img loading=\"lazy\" decoding=\"async\" width=\"1024\" height=\"1024\" src=\"https:\/\/alanphilipmuller.com\/wp-content\/uploads\/2025\/04\/Ile-dOgoz-008-1024x1024.webp\" class=\"attachment-large size-large\" alt=\"Golden Passage by Alan Philip Muller \u2013 landscape photography with warm golden tones and a natural sandbar leading to \u00cele d\u2019Ogoz\" \/><\/div>\n                        \n                        \n                        <a href=\"#\" data-popup-json=\"{&quot;image&quot;:{&quot;url&quot;:&quot;https:\\\/\\\/alanphilipmuller.com\\\/wp-content\\\/uploads\\\/2025\\\/04\\\/Ile-dOgoz-008-scaled.webp&quot;,&quot;w&quot;:1920,&quot;h&quot;:1080},&quot;post_id&quot;:3516}\"\n                            data-id=\"4\"><\/a>\n                    <\/div>\n                <\/div>\n                \n                <div class=\"portfolio-item popup-item col-12 col-sm-12 col-md-4 col-lg-4 col-xl-4\">\n                    <div class=\"wrap\">\n                                                    <div class=\"a-img\" data-original=\"https:\/\/alanphilipmuller.com\/wp-content\/uploads\/2025\/06\/Not-Taken-For-Granted-scaled.webp\">\n                                <img loading=\"lazy\" decoding=\"async\" width=\"1024\" height=\"1024\" src=\"https:\/\/alanphilipmuller.com\/wp-content\/uploads\/2025\/06\/Not-Taken-For-Granted-1024x1024.webp\" class=\"attachment-large size-large\" alt=\"Alan Phlip Muller - Fine Art photography - Fine-Art-Fotografie - Dramatic sunset sky with sunbeams piercing through clouds and silhouetted trees\" \/><\/div>\n                        \n                        \n                        <a href=\"#\" data-popup-json=\"{&quot;image&quot;:{&quot;url&quot;:&quot;https:\\\/\\\/alanphilipmuller.com\\\/wp-content\\\/uploads\\\/2025\\\/06\\\/Not-Taken-For-Granted-scaled.webp&quot;,&quot;w&quot;:1920,&quot;h&quot;:1280},&quot;post_id&quot;:3826}\"\n                            data-id=\"5\"><\/a>\n                    <\/div>\n                <\/div>\n                \n                <div class=\"portfolio-item popup-item col-12 col-sm-12 col-md-4 col-lg-4 col-xl-4\">\n                    <div class=\"wrap\">\n                                                    <div class=\"a-img\" data-original=\"https:\/\/alanphilipmuller.com\/wp-content\/uploads\/2025\/07\/Beneath-the-Still-Air-scaled.webp\">\n                                <img loading=\"lazy\" decoding=\"async\" width=\"1024\" height=\"1024\" src=\"https:\/\/alanphilipmuller.com\/wp-content\/uploads\/2025\/07\/Beneath-the-Still-Air-1024x1024.webp\" class=\"attachment-large size-large\" alt=\"Landscape photography taken near the Riburg saltworks in Switzerland, showing a tranquil rural scene at dusk with golden fields, scattered trees, and two dark wooden towers silhouetted against the soft evening haze.\" \/><\/div>\n                        \n                        \n                        <a href=\"#\" data-popup-json=\"{&quot;image&quot;:{&quot;url&quot;:&quot;https:\\\/\\\/alanphilipmuller.com\\\/wp-content\\\/uploads\\\/2025\\\/07\\\/Beneath-the-Still-Air-scaled.webp&quot;,&quot;w&quot;:1920,&quot;h&quot;:1280},&quot;post_id&quot;:3867}\"\n                            data-id=\"6\"><\/a>\n                    <\/div>\n                <\/div>\n                \n            <\/div>                        <\/div>\n        \t\t\t\t<\/div>\n\t\t\t\t<\/div>\n\t\t\t\t\t<\/div>\n\t\t\t\t<\/div>\n\t\t<div class=\"elementor-element elementor-element-d8ee2dc e-flex e-con-boxed e-con e-parent\" data-id=\"d8ee2dc\" data-element_type=\"container\" data-e-type=\"container\">\n\t\t\t\t\t<div class=\"e-con-inner\">\n\t\t\t\t<div class=\"elementor-element elementor-element-6026860 elementor-widget elementor-widget-yprm_heading\" data-id=\"6026860\" data-element_type=\"widget\" data-e-type=\"widget\" data-widget_type=\"yprm_heading.default\">\n\t\t\t\t<div class=\"elementor-widget-container\">\n\t\t\t\t\t\t\t\t<div class=\"heading-block tac\">\n\t\t\t\t\t\t\t\t\t<div class=\"sub-h\">FINE-ART-PROJEKT<\/div>\n\t\t\t\t                  <div class=\"h\">WIR=BASEL - WE=BASEL<\/div>\n        \t\t\t<\/div>\n              <div class=\"heading-content\">WIR = BASEL ist ein fortlaufendes Portr\u00e4tprojekt \u00fcber Menschen, die in Basel leben, und ihre Verbindung zur Stadt. Mit jedem Teilnehmer beginne ich ein Gespr\u00e4ch, in dem er einen Ort oder ein Symbol von Basel ausw\u00e4hlt, das f\u00fcr ihn besonders wichtig ist und fotografiert werden kann.<br \/>\n<br \/>\nAnschlie\u00dfend erstelle ich drei Fotografien: ein Portr\u00e4t des Gesichts, eine Fotografie der H\u00e4nde in einer bestimmten Haltung und eine Fotografie des gew\u00e4hlten Ortes oder Symbols. W\u00e4hrend der Postproduktion entscheide ich, ob ich mit dem Gesicht oder den H\u00e4nden arbeite, und kombiniere dieses Bild mit dem Ort oder Symbol, sodass die Person und ihr Basel in einem einzigen Bild verschmelzen.<br \/>\n<br \/>\nJedes fertige Werk wird auf handgesch\u00f6pftem Papier der Basler Papierm\u00fchle in Basel gedruckt, das mit einer Grundierung vorbereitet wurde, die den Tintenstrahldruck auf dieser traditionellen Oberfl\u00e4che erm\u00f6glicht. Das Projekt basiert auf einer einfachen Linie: eine Person aus Basel, ein Ort in Basel und ein Druck auf Papier aus Basel.<\/div>\n      \t\t\t\t\t\t<\/div>\n\t\t\t\t<\/div>\n\t\t\t\t<div class=\"elementor-element elementor-element-128ac39 elementor-widget elementor-widget-yprm_gallery\" data-id=\"128ac39\" data-element_type=\"widget\" data-e-type=\"widget\" data-settings=\"{&quot;gallery_layout&quot;:&quot;masonry&quot;,&quot;cols_xs&quot;:1,&quot;cols_sm&quot;:1,&quot;cols_md&quot;:3,&quot;cols_lg&quot;:3,&quot;cols_xl&quot;:3,&quot;content_hover_animation&quot;:&quot;type_1&quot;}\" data-widget_type=\"yprm_gallery.default\">\n\t\t\t\t<div class=\"elementor-widget-container\">\n\t\t\t\t\t        <div data-portfolio-settings=\"{&quot;gallery_layout&quot;:&quot;masonry&quot;}\" id=\"project-slider-6a032ff0b06dc\" class=\"project-grid-page elementor-block gallery-block\">\n                    <div class=\"portfolio_hover_type_1 post-gallery-grid row popup-gallery gallery-type-masonry\"><div class=\"grid-sizer col-1\"><\/div>\n                <div class=\"portfolio-item popup-item col-12 col-sm-12 col-md-4 col-lg-4 col-xl-4\">\n                    <div class=\"wrap\">\n                                                    <div class=\"a-img\" data-original=\"https:\/\/alanphilipmuller.com\/wp-content\/uploads\/2026\/04\/Diana-002.jpg\">\n                                <img loading=\"lazy\" decoding=\"async\" width=\"1024\" height=\"1024\" src=\"https:\/\/alanphilipmuller.com\/wp-content\/uploads\/2026\/04\/Diana-002-1024x1024.jpg\" class=\"attachment-large size-large\" alt=\"\" \/><\/div>\n                        \n                        \n                        <a href=\"#\" data-popup-json=\"{&quot;image&quot;:{&quot;url&quot;:&quot;https:\\\/\\\/alanphilipmuller.com\\\/wp-content\\\/uploads\\\/2026\\\/04\\\/Diana-002.jpg&quot;,&quot;w&quot;:2560,&quot;h&quot;:1706},&quot;post_id&quot;:6241}\"\n                            data-id=\"0\"><\/a>\n                    <\/div>\n                <\/div>\n                \n            <\/div>                        <\/div>\n        \t\t\t\t<\/div>\n\t\t\t\t<\/div>\n\t\t\t\t\t<\/div>\n\t\t\t\t<\/div>\n\t\t\t\t<\/div>\n\t\t","protected":false},"excerpt":{"rendered":"<p>FINE ART Die Fine-Art-Fotografie ist der Teil meiner Arbeit, in dem ich eher Ideen als Auftr\u00e4gen folge. Ich nutze sowohl traditionelle Kameras als auch Drohnen, um zu erforschen, wie Licht und Struktur Emotionen transportieren k\u00f6nnen \u2013 in Landschaften, St\u00e4dten und intimeren Szenen. Einige Fotografien stehen f\u00fcr sich allein, andere entwickeln sich gelegentlich zu einer kleinen [&hellip;]<\/p>\n","protected":false},"author":1,"featured_media":4332,"parent":6997,"menu_order":0,"comment_status":"closed","ping_status":"closed","template":"elementor_header_footer","meta":{"_acf_changed":false,"_coblocks_attr":"","_coblocks_dimensions":"","_coblocks_responsive_height":"","_coblocks_accordion_ie_support":"","footnotes":""},"class_list":["post-7024","page","type-page","status-publish","has-post-thumbnail","hentry"],"acf":[],"_links":{"self":[{"href":"https:\/\/alanphilipmuller.com\/de\/wp-json\/wp\/v2\/pages\/7024","targetHints":{"allow":["GET"]}}],"collection":[{"href":"https:\/\/alanphilipmuller.com\/de\/wp-json\/wp\/v2\/pages"}],"about":[{"href":"https:\/\/alanphilipmuller.com\/de\/wp-json\/wp\/v2\/types\/page"}],"author":[{"embeddable":true,"href":"https:\/\/alanphilipmuller.com\/de\/wp-json\/wp\/v2\/users\/1"}],"replies":[{"embeddable":true,"href":"https:\/\/alanphilipmuller.com\/de\/wp-json\/wp\/v2\/comments?post=7024"}],"version-history":[{"count":4,"href":"https:\/\/alanphilipmuller.com\/de\/wp-json\/wp\/v2\/pages\/7024\/revisions"}],"predecessor-version":[{"id":7109,"href":"https:\/\/alanphilipmuller.com\/de\/wp-json\/wp\/v2\/pages\/7024\/revisions\/7109"}],"up":[{"embeddable":true,"href":"https:\/\/alanphilipmuller.com\/de\/wp-json\/wp\/v2\/pages\/6997"}],"wp:featuredmedia":[{"embeddable":true,"href":"https:\/\/alanphilipmuller.com\/de\/wp-json\/wp\/v2\/media\/4332"}],"wp:attachment":[{"href":"https:\/\/alanphilipmuller.com\/de\/wp-json\/wp\/v2\/media?parent=7024"}],"curies":[{"name":"wp","href":"https:\/\/api.w.org\/{rel}","templated":true}]}}