{"id":7025,"date":"2026-05-04T17:41:50","date_gmt":"2026-05-04T15:41:50","guid":{"rendered":"https:\/\/alanphilipmuller.com\/fotografie\/portrait\/"},"modified":"2026-05-11T20:44:38","modified_gmt":"2026-05-11T18:44:38","slug":"portraetfotografie","status":"publish","type":"page","link":"https:\/\/alanphilipmuller.com\/de\/fotografie\/portraetfotografie\/","title":{"rendered":"Portr\u00e4t"},"content":{"rendered":"\t\t<div data-elementor-type=\"wp-page\" data-elementor-id=\"7025\" class=\"elementor elementor-7025 elementor-6702\" data-elementor-post-type=\"page\">\n\t\t\t\t<div class=\"elementor-element elementor-element-8241011 e-con-full e-flex e-con e-parent\" data-id=\"8241011\" data-element_type=\"container\" data-e-type=\"container\" data-settings=\"{&quot;background_background&quot;:&quot;classic&quot;}\">\n\t\t<div class=\"elementor-element elementor-element-68a53eb e-con-full e-flex e-con e-child\" data-id=\"68a53eb\" data-element_type=\"container\" data-e-type=\"container\">\n\t\t\t\t<div class=\"elementor-element elementor-element-5d7bc78 elementor-widget elementor-widget-yprm_heading\" data-id=\"5d7bc78\" data-element_type=\"widget\" data-e-type=\"widget\" data-widget_type=\"yprm_heading.default\">\n\t\t\t\t<div class=\"elementor-widget-container\">\n\t\t\t\t\t\t\t\t<div class=\"heading-block\">\n\t\t\t\t\t\t\t\t\t<div class=\"sub-h\">Portr\u00e4t<\/div>\n\t\t\t\t        \t\t\t<\/div>\n      \t\t\t\t\t\t<\/div>\n\t\t\t\t<\/div>\n\t\t\t\t<div class=\"elementor-element elementor-element-10830d6 elementor-widget__width-inherit elementor-widget elementor-widget-text-editor\" data-id=\"10830d6\" data-element_type=\"widget\" data-e-type=\"widget\" data-widget_type=\"text-editor.default\">\n\t\t\t\t<div class=\"elementor-widget-container\">\n\t\t\t\t\t\t\t\t\t<p class=\"my-2 [&amp;+p]:mt-4 [&amp;_strong:has(+br)]:inline-block [&amp;_strong:has(+br)]:pb-2\">Portr\u00e4tfotografie ist eine der vielschichtigsten und faszinierendsten Formen des visuellen Ausdrucks. Wenn sie gelingt, geht es nie nur um die fotografierte Person. Sie wird zu einem Fragment der Wahrheit und einer sichtbaren Spur von Emotion. Ein Blick, eine Geste oder die Art, wie jemand seinen K\u00f6rper tr\u00e4gt, kann mehr offenbaren als Worte es je k\u00f6nnten.<\/p><p class=\"my-2 [&amp;+p]:mt-4 [&amp;_strong:has(+br)]:inline-block [&amp;_strong:has(+br)]:pb-2\">Ich arbeite haupts\u00e4chlich mit nat\u00fcrlichem Licht, nutze aber auch Dauerlicht und Blitze im Studio, wenn die Situation es erfordert. Ich bevorzuge echte Locations gegen\u00fcber geschlossenen Studios, weil ich festgestellt habe, dass Menschen sich schneller entspannen und leichter eine Verbindung zu mir und zur Kamera aufbauen. Das hilft dem Portr\u00e4t, geerdet und glaubw\u00fcrdig zu wirken, anstatt \u00fcberm\u00e4\u00dfig inszeniert.<\/p><p class=\"my-2 [&amp;+p]:mt-4 [&amp;_strong:has(+br)]:inline-block [&amp;_strong:has(+br)]:pb-2\">In meiner Praxis vermeide ich starre Posen und komplexe Aufbauten. Ich halte Anweisungen einfach und beobachte, wie sich Ausdruck und Haltung vor der Linse entwickeln. Die Portr\u00e4ts, die mir im Ged\u00e4chtnis bleiben, sind jene, bei denen ich w\u00e4hrend der Aufnahme etwas gesp\u00fcrt habe \u2013 und dieses Gef\u00fchl kehrt zur\u00fcck, wenn ich das Bild erneut betrachte.<\/p>\t\t\t\t\t\t\t\t<\/div>\n\t\t\t\t<\/div>\n\t\t\t\t<\/div>\n\t\t\t\t<\/div>\n\t\t<div class=\"elementor-element elementor-element-08842a4 e-flex e-con-boxed e-con e-parent\" data-id=\"08842a4\" data-element_type=\"container\" data-e-type=\"container\">\n\t\t\t\t\t<div class=\"e-con-inner\">\n\t\t\t\t<div class=\"elementor-element elementor-element-d6d7232 elementor-widget elementor-widget-yprm_heading\" data-id=\"d6d7232\" data-element_type=\"widget\" data-e-type=\"widget\" data-widget_type=\"yprm_heading.default\">\n\t\t\t\t<div class=\"elementor-widget-container\">\n\t\t\t\t\t\t\t\t<div class=\"heading-block tac\">\n\t\t\t\t\t\t\t\t\t<div class=\"sub-h\">Basel \u2013 Event<\/div>\n\t\t\t\t                  <div class=\"h\">Portr\u00e4t eines Jodlers in Basel<\/div>\n        \t\t\t<\/div>\n      \t\t\t\t\t\t<\/div>\n\t\t\t\t<\/div>\n\t\t\t\t<div class=\"elementor-element elementor-element-f3d8e21 elementor-widget elementor-widget-yprm_gallery\" data-id=\"f3d8e21\" data-element_type=\"widget\" data-e-type=\"widget\" data-settings=\"{&quot;gallery_layout&quot;:&quot;masonry&quot;,&quot;cols_xs&quot;:1,&quot;cols_sm&quot;:1,&quot;cols_md&quot;:3,&quot;cols_lg&quot;:3,&quot;cols_xl&quot;:3,&quot;content_hover_animation&quot;:&quot;type_1&quot;}\" data-widget_type=\"yprm_gallery.default\">\n\t\t\t\t<div class=\"elementor-widget-container\">\n\t\t\t\t\t        <div data-portfolio-settings=\"{&quot;gallery_layout&quot;:&quot;masonry&quot;}\" id=\"project-slider-6a033ecb1b8d7\" class=\"project-grid-page elementor-block gallery-block\">\n                    <div class=\"portfolio_hover_type_1 post-gallery-grid row popup-gallery gallery-type-masonry\"><div class=\"grid-sizer col-1\"><\/div>\n                <div class=\"portfolio-item popup-item col-12 col-sm-12 col-md-4 col-lg-4 col-xl-4\">\n                    <div class=\"wrap\">\n                                                    <div class=\"a-img\" data-original=\"https:\/\/alanphilipmuller.com\/wp-content\/uploads\/2026\/04\/Yodel-004.jpg\">\n                                <img fetchpriority=\"high\" decoding=\"async\" width=\"1024\" height=\"1024\" src=\"https:\/\/alanphilipmuller.com\/wp-content\/uploads\/2026\/04\/Yodel-004-1024x1024.jpg\" class=\"attachment-large size-large\" alt=\"\" \/><\/div>\n                        \n                        \n                        <a href=\"#\" data-popup-json=\"{&quot;image&quot;:{&quot;url&quot;:&quot;https:\\\/\\\/alanphilipmuller.com\\\/wp-content\\\/uploads\\\/2026\\\/04\\\/Yodel-004.jpg&quot;,&quot;w&quot;:1706,&quot;h&quot;:2560},&quot;post_id&quot;:6235}\"\n                            data-id=\"0\"><\/a>\n                    <\/div>\n                <\/div>\n                \n                <div class=\"portfolio-item popup-item col-12 col-sm-12 col-md-4 col-lg-4 col-xl-4\">\n                    <div class=\"wrap\">\n                                                    <div class=\"a-img\" data-original=\"https:\/\/alanphilipmuller.com\/wp-content\/uploads\/2026\/04\/Yodel-003.jpg\">\n                                <img decoding=\"async\" width=\"1024\" height=\"1024\" src=\"https:\/\/alanphilipmuller.com\/wp-content\/uploads\/2026\/04\/Yodel-003-1024x1024.jpg\" class=\"attachment-large size-large\" alt=\"\" \/><\/div>\n                        \n                        \n                        <a href=\"#\" data-popup-json=\"{&quot;image&quot;:{&quot;url&quot;:&quot;https:\\\/\\\/alanphilipmuller.com\\\/wp-content\\\/uploads\\\/2026\\\/04\\\/Yodel-003.jpg&quot;,&quot;w&quot;:1707,&quot;h&quot;:2560},&quot;post_id&quot;:6373}\"\n                            data-id=\"1\"><\/a>\n                    <\/div>\n                <\/div>\n                \n                <div class=\"portfolio-item popup-item col-12 col-sm-12 col-md-4 col-lg-4 col-xl-4\">\n                    <div class=\"wrap\">\n                                                    <div class=\"a-img\" data-original=\"https:\/\/alanphilipmuller.com\/wp-content\/uploads\/2026\/05\/Yodel-005.jpg\">\n                                <img decoding=\"async\" width=\"1024\" height=\"1024\" src=\"https:\/\/alanphilipmuller.com\/wp-content\/uploads\/2026\/05\/Yodel-005-1024x1024.jpg\" class=\"attachment-large size-large\" alt=\"\" \/><\/div>\n                        \n                        \n                        <a href=\"#\" data-popup-json=\"{&quot;image&quot;:{&quot;url&quot;:&quot;https:\\\/\\\/alanphilipmuller.com\\\/wp-content\\\/uploads\\\/2026\\\/05\\\/Yodel-005.jpg&quot;,&quot;w&quot;:1706,&quot;h&quot;:2560},&quot;post_id&quot;:6713}\"\n                            data-id=\"2\"><\/a>\n                    <\/div>\n                <\/div>\n                \n                <div class=\"portfolio-item popup-item col-12 col-sm-12 col-md-4 col-lg-4 col-xl-4\">\n                    <div class=\"wrap\">\n                                                    <div class=\"a-img\" data-original=\"https:\/\/alanphilipmuller.com\/wp-content\/uploads\/2026\/05\/Yodel-001.jpg\">\n                                <img loading=\"lazy\" decoding=\"async\" width=\"1024\" height=\"1024\" src=\"https:\/\/alanphilipmuller.com\/wp-content\/uploads\/2026\/05\/Yodel-001-1024x1024.jpg\" class=\"attachment-large size-large\" alt=\"\" \/><\/div>\n                        \n                        \n                        <a href=\"#\" data-popup-json=\"{&quot;image&quot;:{&quot;url&quot;:&quot;https:\\\/\\\/alanphilipmuller.com\\\/wp-content\\\/uploads\\\/2026\\\/05\\\/Yodel-001.jpg&quot;,&quot;w&quot;:1707,&quot;h&quot;:2560},&quot;post_id&quot;:6709}\"\n                            data-id=\"3\"><\/a>\n                    <\/div>\n                <\/div>\n                \n                <div class=\"portfolio-item popup-item col-12 col-sm-12 col-md-4 col-lg-4 col-xl-4\">\n                    <div class=\"wrap\">\n                                                    <div class=\"a-img\" data-original=\"https:\/\/alanphilipmuller.com\/wp-content\/uploads\/2026\/05\/Yodel-006.jpg\">\n                                <img loading=\"lazy\" decoding=\"async\" width=\"1024\" height=\"1024\" src=\"https:\/\/alanphilipmuller.com\/wp-content\/uploads\/2026\/05\/Yodel-006-1024x1024.jpg\" class=\"attachment-large size-large\" alt=\"\" \/><\/div>\n                        \n                        \n                        <a href=\"#\" data-popup-json=\"{&quot;image&quot;:{&quot;url&quot;:&quot;https:\\\/\\\/alanphilipmuller.com\\\/wp-content\\\/uploads\\\/2026\\\/05\\\/Yodel-006.jpg&quot;,&quot;w&quot;:2560,&quot;h&quot;:2560},&quot;post_id&quot;:6715}\"\n                            data-id=\"4\"><\/a>\n                    <\/div>\n                <\/div>\n                \n                <div class=\"portfolio-item popup-item col-12 col-sm-12 col-md-4 col-lg-4 col-xl-4\">\n                    <div class=\"wrap\">\n                                                    <div class=\"a-img\" data-original=\"https:\/\/alanphilipmuller.com\/wp-content\/uploads\/2026\/05\/Yodel-010.jpg\">\n                                <img loading=\"lazy\" decoding=\"async\" width=\"1024\" height=\"1024\" src=\"https:\/\/alanphilipmuller.com\/wp-content\/uploads\/2026\/05\/Yodel-010-1024x1024.jpg\" class=\"attachment-large size-large\" alt=\"\" \/><\/div>\n                        \n                        \n                        <a href=\"#\" data-popup-json=\"{&quot;image&quot;:{&quot;url&quot;:&quot;https:\\\/\\\/alanphilipmuller.com\\\/wp-content\\\/uploads\\\/2026\\\/05\\\/Yodel-010.jpg&quot;,&quot;w&quot;:2560,&quot;h&quot;:2560},&quot;post_id&quot;:6723}\"\n                            data-id=\"5\"><\/a>\n                    <\/div>\n                <\/div>\n                \n                <div class=\"portfolio-item popup-item col-12 col-sm-12 col-md-4 col-lg-4 col-xl-4\">\n                    <div class=\"wrap\">\n                                                    <div class=\"a-img\" data-original=\"https:\/\/alanphilipmuller.com\/wp-content\/uploads\/2026\/05\/Yodel-008.jpg\">\n                                <img loading=\"lazy\" decoding=\"async\" width=\"1024\" height=\"1024\" src=\"https:\/\/alanphilipmuller.com\/wp-content\/uploads\/2026\/05\/Yodel-008-1024x1024.jpg\" class=\"attachment-large size-large\" alt=\"\" \/><\/div>\n                        \n                        \n                        <a href=\"#\" data-popup-json=\"{&quot;image&quot;:{&quot;url&quot;:&quot;https:\\\/\\\/alanphilipmuller.com\\\/wp-content\\\/uploads\\\/2026\\\/05\\\/Yodel-008.jpg&quot;,&quot;w&quot;:2560,&quot;h&quot;:2560},&quot;post_id&quot;:6719}\"\n                            data-id=\"6\"><\/a>\n                    <\/div>\n                <\/div>\n                \n                <div class=\"portfolio-item popup-item col-12 col-sm-12 col-md-4 col-lg-4 col-xl-4\">\n                    <div class=\"wrap\">\n                                                    <div class=\"a-img\" data-original=\"https:\/\/alanphilipmuller.com\/wp-content\/uploads\/2026\/05\/Yodel-007.jpg\">\n                                <img loading=\"lazy\" decoding=\"async\" width=\"1024\" height=\"1024\" src=\"https:\/\/alanphilipmuller.com\/wp-content\/uploads\/2026\/05\/Yodel-007-1024x1024.jpg\" class=\"attachment-large size-large\" alt=\"\" \/><\/div>\n                        \n                        \n                        <a href=\"#\" data-popup-json=\"{&quot;image&quot;:{&quot;url&quot;:&quot;https:\\\/\\\/alanphilipmuller.com\\\/wp-content\\\/uploads\\\/2026\\\/05\\\/Yodel-007.jpg&quot;,&quot;w&quot;:1706,&quot;h&quot;:2560},&quot;post_id&quot;:6717}\"\n                            data-id=\"7\"><\/a>\n                    <\/div>\n                <\/div>\n                \n                <div class=\"portfolio-item popup-item col-12 col-sm-12 col-md-4 col-lg-4 col-xl-4\">\n                    <div class=\"wrap\">\n                                                    <div class=\"a-img\" data-original=\"https:\/\/alanphilipmuller.com\/wp-content\/uploads\/2026\/05\/Yodel-009.jpg\">\n                                <img loading=\"lazy\" decoding=\"async\" width=\"1024\" height=\"1024\" src=\"https:\/\/alanphilipmuller.com\/wp-content\/uploads\/2026\/05\/Yodel-009-1024x1024.jpg\" class=\"attachment-large size-large\" alt=\"\" \/><\/div>\n                        \n                        \n                        <a href=\"#\" data-popup-json=\"{&quot;image&quot;:{&quot;url&quot;:&quot;https:\\\/\\\/alanphilipmuller.com\\\/wp-content\\\/uploads\\\/2026\\\/05\\\/Yodel-009.jpg&quot;,&quot;w&quot;:1707,&quot;h&quot;:2560},&quot;post_id&quot;:6721}\"\n                            data-id=\"8\"><\/a>\n                    <\/div>\n                <\/div>\n                \n                <div class=\"portfolio-item popup-item col-12 col-sm-12 col-md-4 col-lg-4 col-xl-4\">\n                    <div class=\"wrap\">\n                                                    <div class=\"a-img\" data-original=\"https:\/\/alanphilipmuller.com\/wp-content\/uploads\/2026\/04\/Yodel-011-website-1.jpg\">\n                                <img loading=\"lazy\" decoding=\"async\" width=\"1024\" height=\"1024\" src=\"https:\/\/alanphilipmuller.com\/wp-content\/uploads\/2026\/04\/Yodel-011-website-1-1024x1024.jpg\" class=\"attachment-large size-large\" alt=\"\" \/><\/div>\n                        \n                        \n                        <a href=\"#\" data-popup-json=\"{&quot;image&quot;:{&quot;url&quot;:&quot;https:\\\/\\\/alanphilipmuller.com\\\/wp-content\\\/uploads\\\/2026\\\/04\\\/Yodel-011-website-1.jpg&quot;,&quot;w&quot;:1863,&quot;h&quot;:1242},&quot;post_id&quot;:6273}\"\n                            data-id=\"9\"><\/a>\n                    <\/div>\n                <\/div>\n                \n            <\/div>                        <\/div>\n        \t\t\t\t<\/div>\n\t\t\t\t<\/div>\n\t\t\t\t\t<\/div>\n\t\t\t\t<\/div>\n\t\t\t\t<\/div>\n\t\t","protected":false},"excerpt":{"rendered":"<p>Portr\u00e4t Portr\u00e4tfotografie ist eine der vielschichtigsten und faszinierendsten Formen des visuellen Ausdrucks. Wenn sie gelingt, geht es nie nur um die fotografierte Person. Sie wird zu einem Fragment der Wahrheit und einer sichtbaren Spur von Emotion. Ein Blick, eine Geste oder die Art, wie jemand seinen K\u00f6rper tr\u00e4gt, kann mehr offenbaren als Worte es je [&hellip;]<\/p>\n","protected":false},"author":1,"featured_media":4392,"parent":6997,"menu_order":0,"comment_status":"closed","ping_status":"closed","template":"elementor_header_footer","meta":{"_acf_changed":false,"_coblocks_attr":"","_coblocks_dimensions":"","_coblocks_responsive_height":"","_coblocks_accordion_ie_support":"","footnotes":""},"class_list":["post-7025","page","type-page","status-publish","has-post-thumbnail","hentry"],"acf":[],"_links":{"self":[{"href":"https:\/\/alanphilipmuller.com\/de\/wp-json\/wp\/v2\/pages\/7025","targetHints":{"allow":["GET"]}}],"collection":[{"href":"https:\/\/alanphilipmuller.com\/de\/wp-json\/wp\/v2\/pages"}],"about":[{"href":"https:\/\/alanphilipmuller.com\/de\/wp-json\/wp\/v2\/types\/page"}],"author":[{"embeddable":true,"href":"https:\/\/alanphilipmuller.com\/de\/wp-json\/wp\/v2\/users\/1"}],"replies":[{"embeddable":true,"href":"https:\/\/alanphilipmuller.com\/de\/wp-json\/wp\/v2\/comments?post=7025"}],"version-history":[{"count":3,"href":"https:\/\/alanphilipmuller.com\/de\/wp-json\/wp\/v2\/pages\/7025\/revisions"}],"predecessor-version":[{"id":7037,"href":"https:\/\/alanphilipmuller.com\/de\/wp-json\/wp\/v2\/pages\/7025\/revisions\/7037"}],"up":[{"embeddable":true,"href":"https:\/\/alanphilipmuller.com\/de\/wp-json\/wp\/v2\/pages\/6997"}],"wp:featuredmedia":[{"embeddable":true,"href":"https:\/\/alanphilipmuller.com\/de\/wp-json\/wp\/v2\/media\/4392"}],"wp:attachment":[{"href":"https:\/\/alanphilipmuller.com\/de\/wp-json\/wp\/v2\/media?parent=7025"}],"curies":[{"name":"wp","href":"https:\/\/api.w.org\/{rel}","templated":true}]}}